{"id":22,"date":"2026-02-08T16:21:38","date_gmt":"2026-02-08T16:21:38","guid":{"rendered":"https:\/\/www.vokotur.cz\/?page_id=22"},"modified":"2026-02-09T19:14:18","modified_gmt":"2026-02-09T19:14:18","slug":"kalkulator","status":"publish","type":"page","link":"https:\/\/www.vokotur.cz\/en\/kalkulator","title":{"rendered":"Kalkul\u00e1tor"},"content":{"rendered":"<div id=\"boat-calculator-root\" class=\"boat-calculator-wrapper\">\n    <div class=\"brc-container\">\n        <!-- Header -->\n        <div class=\"brc-header\">\n            <div class=\"brc-header-content\">\n                <div class=\"brc-title-wrapper\">\n                    <svg class=\"brc-icon\" viewbox=\"0 0 24 24\" fill=\"none\" stroke=\"currentColor\" stroke-width=\"2\">\n                        <path d=\"M12 2L2 7l10 5 10-5-10-5z\"><\/path>\n                        <path d=\"M2 17l10 5 10-5M2 12l10 5 10-5\"><\/path>\n                    <\/svg>\n                    <h1 class=\"brc-title\">Kalkul\u00e1tor p\u016fj\u010dov\u00e1n\u00ed lod\u00ed<\/h1>\n                    <svg class=\"brc-icon\" viewbox=\"0 0 24 24\" fill=\"none\" stroke=\"currentColor\" stroke-width=\"2\">\n                        <path d=\"M2 6c.6.5 1.2 1 2.5 1C7 7 7 5 9.5 5c2.6 0 2.4 2 5 2 2.5 0 2.5-2 5-2 1.3 0 1.9.5 2.5 1\"><\/path>\n                        <path d=\"M2 12c.6.5 1.2 1 2.5 1 2.5 0 2.5-2 5-2 2.6 0 2.4 2 5 2 2.5 0 2.5-2 5-2 1.3 0 1.9.5 2.5 1\"><\/path>\n                        <path d=\"M2 18c.6.5 1.2 1 2.5 1 2.5 0 2.5-2 5-2 2.6 0 2.4 2 5 2 2.5 0 2.5-2 5-2 1.3 0 1.9.5 2.5 1\"><\/path>\n                    <\/svg>\n                <\/div>\n                <p class=\"brc-description\">\n                    Kalkul\u00e1tor pokr\u00fdv\u00e1 nej\u010dast\u011bji splavovan\u00e9 \u00faseky na \u0159ece Plou\u010dnici. \n                    Pokud po\u017eadujete slu\u017ebu, kter\u00e1 nen\u00ed zahrnuta, za\u0161leme V\u00e1m jej\u00ed kalkulaci e-mailem.\n                <\/p>\n                <div id=\"warning-message\" class=\"brc-warning\" style=\"display: none;\">\n                    \u26a0\ufe0f Pozor! Max. po\u010det p\u0159epravovan\u00fdch osob = 8, lod\u00ed = 21\n                <\/div>\n            <\/div>\n        <\/div>\n\n        <!-- Days Selection -->\n        <div class=\"brc-section\">\n            <div class=\"brc-section-header\">\n                <svg class=\"brc-icon-sm\" viewbox=\"0 0 24 24\" fill=\"none\" stroke=\"currentColor\" stroke-width=\"2\">\n                    <rect x=\"3\" y=\"4\" width=\"18\" height=\"18\" rx=\"2\" ry=\"2\"><\/rect>\n                    <line x1=\"16\" y1=\"2\" x2=\"16\" y2=\"6\"><\/line>\n                    <line x1=\"8\" y1=\"2\" x2=\"8\" y2=\"6\"><\/line>\n                    <line x1=\"3\" y1=\"10\" x2=\"21\" y2=\"10\"><\/line>\n                <\/svg>\n                <h2 class=\"brc-section-title\">1) Doba z\u00e1p\u016fj\u010dky<\/h2>\n            <\/div>\n            <div class=\"brc-input-wrapper\">\n                <label class=\"brc-label\">Po\u010det dn\u00ed<\/label>\n                <select id=\"days\" class=\"brc-select\">\n                    <option value=\"0\">0<\/option>\n                    <option value=\"1\" selected>1<\/option>\n                    <option value=\"2\">2<\/option>\n                    <option value=\"3\">3<\/option>\n                    <option value=\"4\">4<\/option>\n                    <option value=\"5\">5<\/option>\n                    <option value=\"6\">6<\/option>\n                    <option value=\"7\">7<\/option>\n                    <option value=\"8\">8<\/option>\n                    <option value=\"9\">9<\/option>\n                    <option value=\"10\">10<\/option>\n                    <option value=\"11\">11<\/option>\n                    <option value=\"12\">12<\/option>\n                    <option value=\"13\">13<\/option>\n                    <option value=\"14\">14<\/option>\n                <\/select>\n            <\/div>\n        <\/div>\n\n        <!-- Equipment Selection -->\n        <div class=\"brc-section\">\n            <div class=\"brc-section-header\">\n                <svg class=\"brc-icon-sm\" viewbox=\"0 0 24 24\" fill=\"none\" stroke=\"currentColor\" stroke-width=\"2\">\n                    <path d=\"M21 16v-2l-8-5V3.5c0-.83-.67-1.5-1.5-1.5S10 2.67 10 3.5V9l-8 5v2l8-2.5V19l-2 1.5V22l3.5-1 3.5 1v-1.5L13 19v-5.5l8 2.5z\"><\/path>\n                <\/svg>\n                <h2 class=\"brc-section-title\">2) V\u00fdb\u011br vod\u00e1ck\u00e9ho materi\u00e1lu<\/h2>\n            <\/div>\n            \n            <div class=\"brc-grid-3\">\n                <div class=\"brc-input-wrapper\">\n                    <label class=\"brc-label\">\n                        Lo\u010f - 2 m\u00edsta\n                        <span class=\"brc-price-info\">(350 K\u010d \/ 250 K\u010d)<\/span>\n                    <\/label>\n                    <select id=\"boats2\" class=\"brc-select\"><\/select>\n                <\/div>\n                \n                <div class=\"brc-input-wrapper\">\n                    <label class=\"brc-label\">\n                        Lo\u010f - 3 m\u00edsta\n                        <span class=\"brc-price-info\">(390 K\u010d \/ 290 K\u010d)<\/span>\n                    <\/label>\n                    <select id=\"boats3\" class=\"brc-select\"><\/select>\n                <\/div>\n                \n                <div class=\"brc-input-wrapper\">\n                    <label class=\"brc-label\">\n                        Kajak (p\u00e1dlo, \u0161prajda)\n                        <span class=\"brc-price-info\">(450 K\u010d \/ 360 K\u010d)<\/span>\n                    <\/label>\n                    <select id=\"kayaks\" class=\"brc-select\"><\/select>\n                <\/div>\n                \n                <div class=\"brc-input-wrapper\">\n                    <label class=\"brc-label\">\n                        P\u00e1dlo\n                        <span class=\"brc-price-info\">(40 K\u010d \/ 35 K\u010d)<\/span>\n                    <\/label>\n                    <select id=\"paddles\" class=\"brc-select\"><\/select>\n                <\/div>\n                \n                <div class=\"brc-input-wrapper\">\n                    <label class=\"brc-label\">\n                        Barel\n                        <span class=\"brc-price-info\">(35 K\u010d \/ 25 K\u010d)<\/span>\n                    <\/label>\n                    <select id=\"barrels\" class=\"brc-select\"><\/select>\n                <\/div>\n                \n                <div class=\"brc-input-wrapper\">\n                    <label class=\"brc-label\">\n                        Z\u00e1chrann\u00e1 vesta\n                        <span class=\"brc-price-info\">(45 K\u010d \/ 35 K\u010d)<\/span>\n                    <\/label>\n                    <select id=\"vests\" class=\"brc-select\"><\/select>\n                <\/div>\n                \n                <div class=\"brc-input-wrapper\">\n                    <label class=\"brc-label\">\n                        P\u0159\u00edlba\n                        <span class=\"brc-price-info\">(25 K\u010d \/ 20 K\u010d)<\/span>\n                    <\/label>\n                    <select id=\"helmets\" class=\"brc-select\"><\/select>\n                <\/div>\n                \n                <div class=\"brc-input-wrapper\">\n                    <label class=\"brc-label\">\n                        Neopren\n                        <span class=\"brc-price-info\">(250 K\u010d \/ 150 K\u010d)<\/span>\n                    <\/label>\n                    <select id=\"wetsuits\" class=\"brc-select\"><\/select>\n                <\/div>\n                \n                <div class=\"brc-input-wrapper\">\n                    <label class=\"brc-label\">\n                        Neoprenov\u00e9 boty\n                        <span class=\"brc-price-info\">(65 K\u010d \/ 45 K\u010d)<\/span>\n                    <\/label>\n                    <select id=\"wetBoots\" class=\"brc-select\"><\/select>\n                <\/div>\n                \n                <div class=\"brc-input-wrapper\">\n                    <label class=\"brc-label\">\n                        Neoprenov\u00e9 pono\u017eky\n                        <span class=\"brc-price-info\">(35 K\u010d \/ 25 K\u010d)<\/span>\n                    <\/label>\n                    <select id=\"wetSocks\" class=\"brc-select\"><\/select>\n                <\/div>\n            <\/div>\n        <\/div>\n\n        <!-- Transport -->\n        <div class=\"brc-section\">\n            <div class=\"brc-section-header\">\n                <svg class=\"brc-icon-sm\" viewbox=\"0 0 24 24\" fill=\"none\" stroke=\"currentColor\" stroke-width=\"2\">\n                    <path d=\"M21 10c0 7-9 13-9 13s-9-6-9-13a9 9 0 0 1 18 0z\"><\/path>\n                    <circle cx=\"12\" cy=\"10\" r=\"3\"><\/circle>\n                <\/svg>\n                <h2 class=\"brc-section-title\">3) Doprava<\/h2>\n            <\/div>\n            <p class=\"brc-transport-info\">Doprava na Plou\u010dnici a zp\u011bt do Str\u00e1\u017ee p. Ralskem<\/p>\n            \n            <div class=\"brc-grid-2\">\n                <div class=\"brc-input-wrapper\">\n                    <label class=\"brc-label\">Doprava na m\u00edsto<\/label>\n                    <select id=\"transportTo\" class=\"brc-select\">\n                        <option value=\"0\">Nepot\u0159ebuji dopravu<\/option>\n                                                <option value=\"290\">\n                            Pr\u016frva Plou\u010dnice (290 K\u010d)\n                        <\/option>\n                                                <option value=\"490\">\n                            Mimo\u0148 (490 K\u010d)\n                        <\/option>\n                                                <option value=\"550\">\n                            Hrad\u010dany - Bore\u010dek (550 K\u010d)\n                        <\/option>\n                                                <option value=\"650\">\n                            Vl\u010d\u00ed D\u016fl - Brenn\u00e1 (650 K\u010d)\n                        <\/option>\n                                                <option value=\"650\">\n                            \u010cesk\u00e1 L\u00edpa - \u017d\u00edzn\u00edkov (650 K\u010d)\n                        <\/option>\n                                                <option value=\"750\">\n                            Stru\u017enice (750 K\u010d)\n                        <\/option>\n                                                <option value=\"850\">\n                            \u017dandov - Doln\u00ed Police (850 K\u010d)\n                        <\/option>\n                                            <\/select>\n                <\/div>\n                \n                <div class=\"brc-input-wrapper\">\n                    <label class=\"brc-label\">Doprava z m\u00edsta<\/label>\n                    <select id=\"transportFrom\" class=\"brc-select\">\n                        <option value=\"0\">Nepot\u0159ebuji dopravu<\/option>\n                                                <option value=\"290\">\n                            Pr\u016frva Plou\u010dnice (290 K\u010d)\n                        <\/option>\n                                                <option value=\"490\">\n                            Mimo\u0148 (490 K\u010d)\n                        <\/option>\n                                                <option value=\"550\">\n                            Hrad\u010dany - Bore\u010dek (550 K\u010d)\n                        <\/option>\n                                                <option value=\"650\">\n                            Vl\u010d\u00ed D\u016fl - Brenn\u00e1 (650 K\u010d)\n                        <\/option>\n                                                <option value=\"650\">\n                            \u010cesk\u00e1 L\u00edpa - \u017d\u00edzn\u00edkov (650 K\u010d)\n                        <\/option>\n                                                <option value=\"750\">\n                            Stru\u017enice (750 K\u010d)\n                        <\/option>\n                                                <option value=\"850\">\n                            \u017dandov - Doln\u00ed Police (850 K\u010d)\n                        <\/option>\n                                            <\/select>\n                <\/div>\n            <\/div>\n        <\/div>\n\n        <!-- Total -->\n        <div class=\"brc-total\">\n            <div class=\"brc-total-content\">\n                <p class=\"brc-total-label\">Celkov\u00e1 cena<\/p>\n                <p id=\"totalPrice\" class=\"brc-total-price\">0 K\u010d<\/p>\n            <\/div>\n        <\/div>\n\n        <!-- Footer -->\n        <div class=\"brc-footer\">\n            <p>Ceny jsou uvedeny s DPH<\/p>\n        <\/div>\n    <\/div>\n<\/div>","protected":false},"excerpt":{"rendered":"","protected":false},"author":1,"featured_media":0,"parent":0,"menu_order":0,"comment_status":"closed","ping_status":"closed","template":"","meta":{"footnotes":""},"class_list":["post-22","page","type-page","status-publish","hentry"],"yoast_head":"<!-- This site is optimized with the Yoast SEO plugin v27.2 - https:\/\/yoast.com\/product\/yoast-seo-wordpress\/ -->\n<title>Kalkul\u00e1tor - P\u016fj\u010dovna lod\u00ed | Severn\u00ed \u010cechy | Vod\u00e1ck\u00e9 z\u00e1\u017eitky<\/title>\n<meta name=\"description\" content=\"Kalkul\u00e1tor ceny p\u016fj\u010den\u00ed lod\u00ed VOKOTOUR. Zadejte po\u010det osob, d\u00e9lku splut\u00ed a typ lod\u011b a hned v\u00edte, kolik v\u00e1s vod\u00e1ck\u00fd v\u00fdlet bude st\u00e1t.\" \/>\n<meta name=\"robots\" content=\"index, follow, max-snippet:-1, max-image-preview:large, max-video-preview:-1\" \/>\n<link rel=\"canonical\" href=\"https:\/\/www.vokotur.cz\/en\/kalkulator\/\" \/>\n<meta property=\"og:locale\" content=\"en_GB\" \/>\n<meta property=\"og:type\" content=\"article\" \/>\n<meta property=\"og:title\" content=\"Kalkul\u00e1tor - P\u016fj\u010dovna lod\u00ed | Severn\u00ed \u010cechy | Vod\u00e1ck\u00e9 z\u00e1\u017eitky\" \/>\n<meta property=\"og:description\" content=\"Kalkul\u00e1tor ceny p\u016fj\u010den\u00ed lod\u00ed VOKOTOUR. Zadejte po\u010det osob, d\u00e9lku splut\u00ed a typ lod\u011b a hned v\u00edte, kolik v\u00e1s vod\u00e1ck\u00fd v\u00fdlet bude st\u00e1t.\" \/>\n<meta property=\"og:url\" content=\"https:\/\/www.vokotur.cz\/en\/kalkulator\/\" \/>\n<meta property=\"og:site_name\" content=\"P\u016fj\u010dovna lod\u00ed | Severn\u00ed \u010cechy | Vod\u00e1ck\u00e9 z\u00e1\u017eitky\" \/>\n<meta property=\"article:modified_time\" content=\"2026-02-09T19:14:18+00:00\" \/>\n<meta name=\"twitter:card\" content=\"summary_large_image\" \/>\n<meta name=\"twitter:label1\" content=\"Estimated reading time\" \/>\n\t<meta name=\"twitter:data1\" content=\"1 minute\" \/>\n<script type=\"application\/ld+json\" class=\"yoast-schema-graph\">{\"@context\":\"https:\/\/schema.org\",\"@graph\":[{\"@type\":\"WebPage\",\"@id\":\"https:\/\/www.vokotur.cz\/kalkulator\",\"url\":\"https:\/\/www.vokotur.cz\/kalkulator\",\"name\":\"Kalkul\u00e1tor - P\u016fj\u010dovna lod\u00ed | Severn\u00ed \u010cechy | Vod\u00e1ck\u00e9 z\u00e1\u017eitky\",\"isPartOf\":{\"@id\":\"https:\/\/www.vokotur.cz\/#website\"},\"datePublished\":\"2026-02-08T16:21:38+00:00\",\"dateModified\":\"2026-02-09T19:14:18+00:00\",\"description\":\"Kalkul\u00e1tor ceny p\u016fj\u010den\u00ed lod\u00ed VOKOTOUR. Zadejte po\u010det osob, d\u00e9lku splut\u00ed a typ lod\u011b a hned v\u00edte, kolik v\u00e1s vod\u00e1ck\u00fd v\u00fdlet bude st\u00e1t.\",\"breadcrumb\":{\"@id\":\"https:\/\/www.vokotur.cz\/kalkulator#breadcrumb\"},\"inLanguage\":\"en-GB\",\"potentialAction\":[{\"@type\":\"ReadAction\",\"target\":[\"https:\/\/www.vokotur.cz\/kalkulator\"]}]},{\"@type\":\"BreadcrumbList\",\"@id\":\"https:\/\/www.vokotur.cz\/kalkulator#breadcrumb\",\"itemListElement\":[{\"@type\":\"ListItem\",\"position\":1,\"name\":\"Dom\u016f\",\"item\":\"https:\/\/www.vokotur.cz\/\"},{\"@type\":\"ListItem\",\"position\":2,\"name\":\"Kalkul\u00e1tor\"}]},{\"@type\":\"WebSite\",\"@id\":\"https:\/\/www.vokotur.cz\/#website\",\"url\":\"https:\/\/www.vokotur.cz\/\",\"name\":\"P\u016fj\u010dovna lod\u00ed | Severn\u00ed \u010cechy | Vod\u00e1ck\u00e9 z\u00e1\u017eitky\",\"description\":\"P\u016fj\u010dovna lod\u00ed a raft\u016f na \u0159ek\u00e1ch Plou\u010dnice a Jizera. Kompletn\u00ed vod\u00e1ck\u00fd servis, doprava lod\u00ed, vybaven\u00ed a nezapomenuteln\u00e9 z\u00e1\u017eitky v severn\u00edch \u010cech\u00e1ch s VOKOTOUR.\",\"potentialAction\":[{\"@type\":\"SearchAction\",\"target\":{\"@type\":\"EntryPoint\",\"urlTemplate\":\"https:\/\/www.vokotur.cz\/?s={search_term_string}\"},\"query-input\":{\"@type\":\"PropertyValueSpecification\",\"valueRequired\":true,\"valueName\":\"search_term_string\"}}],\"inLanguage\":\"en-GB\"}]}<\/script>\n<!-- \/ Yoast SEO plugin. -->","yoast_head_json":{"title":"Kalkul\u00e1tor - P\u016fj\u010dovna lod\u00ed | Severn\u00ed \u010cechy | Vod\u00e1ck\u00e9 z\u00e1\u017eitky","description":"Kalkul\u00e1tor ceny p\u016fj\u010den\u00ed lod\u00ed VOKOTOUR. Zadejte po\u010det osob, d\u00e9lku splut\u00ed a typ lod\u011b a hned v\u00edte, kolik v\u00e1s vod\u00e1ck\u00fd v\u00fdlet bude st\u00e1t.","robots":{"index":"index","follow":"follow","max-snippet":"max-snippet:-1","max-image-preview":"max-image-preview:large","max-video-preview":"max-video-preview:-1"},"canonical":"https:\/\/www.vokotur.cz\/en\/kalkulator\/","og_locale":"en_GB","og_type":"article","og_title":"Kalkul\u00e1tor - P\u016fj\u010dovna lod\u00ed | Severn\u00ed \u010cechy | Vod\u00e1ck\u00e9 z\u00e1\u017eitky","og_description":"Kalkul\u00e1tor ceny p\u016fj\u010den\u00ed lod\u00ed VOKOTOUR. Zadejte po\u010det osob, d\u00e9lku splut\u00ed a typ lod\u011b a hned v\u00edte, kolik v\u00e1s vod\u00e1ck\u00fd v\u00fdlet bude st\u00e1t.","og_url":"https:\/\/www.vokotur.cz\/en\/kalkulator\/","og_site_name":"P\u016fj\u010dovna lod\u00ed | Severn\u00ed \u010cechy | Vod\u00e1ck\u00e9 z\u00e1\u017eitky","article_modified_time":"2026-02-09T19:14:18+00:00","twitter_card":"summary_large_image","twitter_misc":{"Estimated reading time":"1 minute"},"schema":{"@context":"https:\/\/schema.org","@graph":[{"@type":"WebPage","@id":"https:\/\/www.vokotur.cz\/kalkulator","url":"https:\/\/www.vokotur.cz\/kalkulator","name":"Kalkul\u00e1tor - P\u016fj\u010dovna lod\u00ed | Severn\u00ed \u010cechy | Vod\u00e1ck\u00e9 z\u00e1\u017eitky","isPartOf":{"@id":"https:\/\/www.vokotur.cz\/#website"},"datePublished":"2026-02-08T16:21:38+00:00","dateModified":"2026-02-09T19:14:18+00:00","description":"Kalkul\u00e1tor ceny p\u016fj\u010den\u00ed lod\u00ed VOKOTOUR. Zadejte po\u010det osob, d\u00e9lku splut\u00ed a typ lod\u011b a hned v\u00edte, kolik v\u00e1s vod\u00e1ck\u00fd v\u00fdlet bude st\u00e1t.","breadcrumb":{"@id":"https:\/\/www.vokotur.cz\/kalkulator#breadcrumb"},"inLanguage":"en-GB","potentialAction":[{"@type":"ReadAction","target":["https:\/\/www.vokotur.cz\/kalkulator"]}]},{"@type":"BreadcrumbList","@id":"https:\/\/www.vokotur.cz\/kalkulator#breadcrumb","itemListElement":[{"@type":"ListItem","position":1,"name":"Dom\u016f","item":"https:\/\/www.vokotur.cz\/"},{"@type":"ListItem","position":2,"name":"Kalkul\u00e1tor"}]},{"@type":"WebSite","@id":"https:\/\/www.vokotur.cz\/#website","url":"https:\/\/www.vokotur.cz\/","name":"P\u016fj\u010dovna lod\u00ed | Severn\u00ed \u010cechy | Vod\u00e1ck\u00e9 z\u00e1\u017eitky","description":"P\u016fj\u010dovna lod\u00ed a raft\u016f na \u0159ek\u00e1ch Plou\u010dnice a Jizera. Kompletn\u00ed vod\u00e1ck\u00fd servis, doprava lod\u00ed, vybaven\u00ed a nezapomenuteln\u00e9 z\u00e1\u017eitky v severn\u00edch \u010cech\u00e1ch s VOKOTOUR.","potentialAction":[{"@type":"SearchAction","target":{"@type":"EntryPoint","urlTemplate":"https:\/\/www.vokotur.cz\/?s={search_term_string}"},"query-input":{"@type":"PropertyValueSpecification","valueRequired":true,"valueName":"search_term_string"}}],"inLanguage":"en-GB"}]}},"_links":{"self":[{"href":"https:\/\/www.vokotur.cz\/en\/wp-json\/wp\/v2\/pages\/22","targetHints":{"allow":["GET"]}}],"collection":[{"href":"https:\/\/www.vokotur.cz\/en\/wp-json\/wp\/v2\/pages"}],"about":[{"href":"https:\/\/www.vokotur.cz\/en\/wp-json\/wp\/v2\/types\/page"}],"author":[{"embeddable":true,"href":"https:\/\/www.vokotur.cz\/en\/wp-json\/wp\/v2\/users\/1"}],"replies":[{"embeddable":true,"href":"https:\/\/www.vokotur.cz\/en\/wp-json\/wp\/v2\/comments?post=22"}],"version-history":[{"count":2,"href":"https:\/\/www.vokotur.cz\/en\/wp-json\/wp\/v2\/pages\/22\/revisions"}],"predecessor-version":[{"id":123,"href":"https:\/\/www.vokotur.cz\/en\/wp-json\/wp\/v2\/pages\/22\/revisions\/123"}],"wp:attachment":[{"href":"https:\/\/www.vokotur.cz\/en\/wp-json\/wp\/v2\/media?parent=22"}],"curies":[{"name":"wp","href":"https:\/\/api.w.org\/{rel}","templated":true}]}}