{"id":24,"date":"2026-02-08T16:21:53","date_gmt":"2026-02-08T16:21:53","guid":{"rendered":"https:\/\/www.vokotur.cz\/?page_id=24"},"modified":"2026-02-14T09:50:18","modified_gmt":"2026-02-14T09:50:18","slug":"kontakt","status":"publish","type":"page","link":"https:\/\/www.vokotur.cz\/en\/kontakt","title":{"rendered":"Kontakt"},"content":{"rendered":"<div class=\"wp-block-columns is-layout-flex wp-container-core-columns-is-layout-9d6595d7 wp-block-columns-is-layout-flex\">\n<div class=\"wp-block-column is-layout-flow wp-block-column-is-layout-flow\" style=\"flex-basis:100%\">\n<div>\n<div>\n<!-- KONTAKTN\u00cd KARTY -->\n    <section class=\"section\">\n        <div class=\"grid grid-3\">\n            <div class=\"card\" style=\"text-align: center;\">\n                <div class=\"card-icon\" style=\"margin: 0 auto 1rem;\">\ud83d\udcf1<\/div>\n                <h3>Telefon<\/h3>\n                <p style=\"font-size: 1.25rem; font-weight: 600; color: #0891b2;\">+420 603 457 651<\/p>\n                <p style=\"font-size: 0.875rem; color: #6b7280;\">Po-Ne: 8:00 &#8211; 20:00<\/p>\n                <a href=\"tel:+42 603 457 651\" class=\"btn btn-primary\" style=\"margin-top: 1rem; width: 100%;\">Zavolat<\/a>\n            <\/div>\n\n            <div class=\"card\" style=\"text-align: center;\">\n                <div class=\"card-icon\" style=\"margin: 0 auto 1rem;\">\ud83d\udce7<\/div>\n                <h3>Email<\/h3>\n                <p style=\"font-size: 1.125rem; font-weight: 600; color: #0891b2;\">tykalz@tiscali.cz<\/p>\n                <p style=\"font-size: 0.875rem; color: #6b7280;\">Odpov\u00edd\u00e1me do 24 hodin<\/p>\n                <a href=\"mailto:tykalz@tiscali.cz\" class=\"btn btn-primary\" style=\"margin-top: 1rem; width: 100%;\">Napsat email<\/a>\n            <\/div>\n\n            <div class=\"card\" style=\"text-align: center;\">\n                <div class=\"card-icon\" style=\"margin: 0 auto 1rem;\">\ud83d\udccd<\/div>\n                <h3>Adresa<\/h3>\n                <p style=\"font-weight: 600;\">P\u016fj\u010dovna lod\u00ed Vokotur<\/p>\n                <p style=\"font-size: 0.875rem;\">Dubnick\u00e1<br>471 24 Str\u00e1\u017e pod Ralskem<\/p>\n                <a href=\"https:\/\/mapy.com\/s\/hehedazamu\" class=\"btn btn-secondary\" style=\"margin-top: 1rem; width: 100%;\">Zobrazit mapu<\/a>\n            <\/div>\n        <\/div>\n    <\/section>\n\n    <!-- OTEV\u00cdRAC\u00cd DOBA -->\n    <section class=\"section\" style=\"background: white; margin: 0; max-width: 100%; padding: 5rem 2rem;\">\n        <div style=\"max-width: 1280px; margin: 0 auto;\">\n            <div class=\"section-header\">\n                <h2 class=\"section-title\">Otev\u00edrac\u00ed doba<\/h2>\n            <\/div>\n\n            <div class=\"grid grid-2\">\n                <div class=\"card\">\n                    <h3>\u2600\ufe0f Hlavn\u00ed sez\u00f3na (Kv\u011bten &#8211; Z\u00e1\u0159\u00ed)<\/h3>\n                    <div style=\"padding: 1rem; background: #ecfeff; border-radius: 8px; margin: 1rem 0;\">\n                        <p style=\"display: flex; justify-content: space-between; margin: 0.5rem 0;\"><span>Pond\u011bl\u00ed &#8211; Ned\u011ble:<\/span> <strong>8:00 &#8211; 20:00<\/strong><\/p>\n                        <p style=\"display: flex; justify-content: space-between; margin: 0.5rem 0;\"><span>Posledn\u00ed v\u00fddej lod\u00ed:<\/span> <strong>Dle domluvy<\/strong><\/p>\n                        <p style=\"display: flex; justify-content: space-between; margin: 0.5rem 0;\"><span>Posledn\u00ed p\u0159\u00edjem lod\u00ed:<\/span> <strong>19:00<\/strong><\/p>\n                    <\/div>\n                    <p style=\"font-size: 0.875rem; color: #10b981; font-weight: 600;\">\u2705 Aktu\u00e1ln\u011b otev\u0159eno<\/p>\n                <\/div>\n\n                <div class=\"card\">\n                    <h3>\ud83c\udf42 Mimo sez\u00f3nu (Duben, \u0158\u00edjen)<\/h3>\n                    <div style=\"padding: 1rem; background: #fef3c7; border-radius: 8px; margin: 1rem 0;\">\n                        <p style=\"display: flex; justify-content: space-between; margin: 0.5rem 0;\"><span>Pond\u011bl\u00ed &#8211; P\u00e1tek:<\/span> <strong>9:00 &#8211; 17:00<\/strong><\/p>\n                        <p style=\"display: flex; justify-content: space-between; margin: 0.5rem 0;\"><span>Sobota &#8211; Ned\u011ble:<\/span> <strong>9:00 &#8211; 18:00<\/strong><\/p>\n                    <\/div>\n                    <p style=\"font-size: 0.875rem; color: #f59e0b; font-weight: 600;\">\u26a0\ufe0f Pouze po p\u0159edchoz\u00ed domluv\u011b<\/p>\n                <\/div>\n            <\/div>\n\n            \n    <\/section>\n    <!-- Provozovatel -->\n    <section class=\"section\">\n        <div class=\"card\" style=\"text-align: center;\">\n                <div class=\"card-icon\" style=\"margin: 0 auto 1rem;\">\ud83d\udccc<\/div>\n                <h3>Provozovatel<\/h3>\n                <p style=\"font-weight: 600;\">Zden\u011bk T\u00fdkal<\/p>\n                <p style=\"font-weight: 600;\">ICO: 15180646<\/p>\n                <p style=\"font-weight: 600;\">Doln\u00ed selsk\u00e1 184, Ose\u010dn\u00e1 463 52 <\/p>\n\n    <\/section>\n   <!-- CTA -->\n    <section class=\"section\">\n        <div style=\"background: linear-gradient(135deg, #0891b2, #14b8a6); border-radius: 16px; padding: 4rem 2rem; text-align: center; color: white;\">\n            <h2 style=\"color: white; font-size: 2rem; margin-bottom: 1rem;\">Je\u0161t\u011b v\u00e1h\u00e1te?<\/h2>\n            <p style=\"font-size: 1.125rem; margin-bottom: 2rem; opacity: 0.95;\">Zavolejte n\u00e1m a my v\u00e1m porad\u00edme tu nejlep\u0161\u00ed trasu!<\/p>\n            <div style=\"display: flex; gap: 1rem; justify-content: center; flex-wrap: wrap;\">\n                <a href=\"tel:+420 603457651\" class=\"btn\" style=\"background: white; color: #0891b2; font-size: 1.125rem; padding: 1.25rem 2.5rem;\">\ud83d\udcde +420 603 457 651<\/a>\n            <\/div>\n        <\/div>\n    <\/section>\n    \n\n\n   \n    <script>\n        function toggleMenu() {\n            const menu = document.getElementById('navMenu');\n            menu.classList.toggle('active');\n        }\n    <\/script>\n<\/body>\n<\/html>\n<\/div>\n<\/div>\n<\/div>\n<\/div>","protected":false},"excerpt":{"rendered":"<p>\ud83d\udcf1 Telefon +420 603 457 651 Po-Ne: 8:00 &#8211; 20:00 Zavolat \ud83d\udce7 Email tykalz@tiscali.cz Odpov\u00edd\u00e1me do 24 hodin Napsat email \ud83d\udccd Adresa P\u016fj\u010dovna lod\u00ed Vokotur Dubnick\u00e1471 24 Str\u00e1\u017e pod Ralskem&#8230;<\/p>","protected":false},"author":1,"featured_media":0,"parent":0,"menu_order":0,"comment_status":"closed","ping_status":"closed","template":"","meta":{"footnotes":""},"class_list":["post-24","page","type-page","status-publish","hentry"],"yoast_head":"<!-- This site is optimized with the Yoast SEO plugin v27.2 - https:\/\/yoast.com\/product\/yoast-seo-wordpress\/ -->\n<title>Kontakt - P\u016fj\u010dovna lod\u00ed | Severn\u00ed \u010cechy | Vod\u00e1ck\u00e9 z\u00e1\u017eitky<\/title>\n<meta name=\"description\" content=\"M\u00e1te dotaz k p\u016fj\u010den\u00ed lod\u00ed nebo splut\u00ed \u0159eky? Kontaktujte VOKOTOUR. R\u00e1di v\u00e1m porad\u00edme s v\u00fdb\u011brem trasy i vybaven\u00ed.\" \/>\n<meta name=\"robots\" content=\"index, follow, max-snippet:-1, max-image-preview:large, max-video-preview:-1\" \/>\n<link rel=\"canonical\" href=\"https:\/\/www.vokotur.cz\/en\/kontakt\/\" \/>\n<meta property=\"og:locale\" content=\"en_GB\" \/>\n<meta property=\"og:type\" content=\"article\" \/>\n<meta property=\"og:title\" content=\"Kontakt - P\u016fj\u010dovna lod\u00ed | Severn\u00ed \u010cechy | Vod\u00e1ck\u00e9 z\u00e1\u017eitky\" \/>\n<meta property=\"og:description\" content=\"M\u00e1te dotaz k p\u016fj\u010den\u00ed lod\u00ed nebo splut\u00ed \u0159eky? Kontaktujte VOKOTOUR. R\u00e1di v\u00e1m porad\u00edme s v\u00fdb\u011brem trasy i vybaven\u00ed.\" \/>\n<meta property=\"og:url\" content=\"https:\/\/www.vokotur.cz\/en\/kontakt\/\" \/>\n<meta property=\"og:site_name\" content=\"P\u016fj\u010dovna lod\u00ed | Severn\u00ed \u010cechy | Vod\u00e1ck\u00e9 z\u00e1\u017eitky\" \/>\n<meta property=\"article:modified_time\" content=\"2026-02-14T09:50:18+00:00\" \/>\n<meta name=\"twitter:card\" content=\"summary_large_image\" \/>\n<meta name=\"twitter:label1\" content=\"Estimated reading time\" \/>\n\t<meta name=\"twitter:data1\" content=\"1 minute\" \/>\n<script type=\"application\/ld+json\" class=\"yoast-schema-graph\">{\"@context\":\"https:\/\/schema.org\",\"@graph\":[{\"@type\":\"WebPage\",\"@id\":\"https:\/\/www.vokotur.cz\/kontakt\",\"url\":\"https:\/\/www.vokotur.cz\/kontakt\",\"name\":\"Kontakt - P\u016fj\u010dovna lod\u00ed | Severn\u00ed \u010cechy | Vod\u00e1ck\u00e9 z\u00e1\u017eitky\",\"isPartOf\":{\"@id\":\"https:\/\/www.vokotur.cz\/#website\"},\"datePublished\":\"2026-02-08T16:21:53+00:00\",\"dateModified\":\"2026-02-14T09:50:18+00:00\",\"description\":\"M\u00e1te dotaz k p\u016fj\u010den\u00ed lod\u00ed nebo splut\u00ed \u0159eky? Kontaktujte VOKOTOUR. R\u00e1di v\u00e1m porad\u00edme s v\u00fdb\u011brem trasy i vybaven\u00ed.\",\"breadcrumb\":{\"@id\":\"https:\/\/www.vokotur.cz\/kontakt#breadcrumb\"},\"inLanguage\":\"en-GB\",\"potentialAction\":[{\"@type\":\"ReadAction\",\"target\":[\"https:\/\/www.vokotur.cz\/kontakt\"]}]},{\"@type\":\"BreadcrumbList\",\"@id\":\"https:\/\/www.vokotur.cz\/kontakt#breadcrumb\",\"itemListElement\":[{\"@type\":\"ListItem\",\"position\":1,\"name\":\"Dom\u016f\",\"item\":\"https:\/\/www.vokotur.cz\/\"},{\"@type\":\"ListItem\",\"position\":2,\"name\":\"Kontakt\"}]},{\"@type\":\"WebSite\",\"@id\":\"https:\/\/www.vokotur.cz\/#website\",\"url\":\"https:\/\/www.vokotur.cz\/\",\"name\":\"P\u016fj\u010dovna lod\u00ed | Severn\u00ed \u010cechy | Vod\u00e1ck\u00e9 z\u00e1\u017eitky\",\"description\":\"P\u016fj\u010dovna lod\u00ed a raft\u016f na \u0159ek\u00e1ch Plou\u010dnice a Jizera. Kompletn\u00ed vod\u00e1ck\u00fd servis, doprava lod\u00ed, vybaven\u00ed a nezapomenuteln\u00e9 z\u00e1\u017eitky v severn\u00edch \u010cech\u00e1ch s VOKOTOUR.\",\"potentialAction\":[{\"@type\":\"SearchAction\",\"target\":{\"@type\":\"EntryPoint\",\"urlTemplate\":\"https:\/\/www.vokotur.cz\/?s={search_term_string}\"},\"query-input\":{\"@type\":\"PropertyValueSpecification\",\"valueRequired\":true,\"valueName\":\"search_term_string\"}}],\"inLanguage\":\"en-GB\"}]}<\/script>\n<!-- \/ Yoast SEO plugin. -->","yoast_head_json":{"title":"Kontakt - P\u016fj\u010dovna lod\u00ed | Severn\u00ed \u010cechy | Vod\u00e1ck\u00e9 z\u00e1\u017eitky","description":"M\u00e1te dotaz k p\u016fj\u010den\u00ed lod\u00ed nebo splut\u00ed \u0159eky? Kontaktujte VOKOTOUR. R\u00e1di v\u00e1m porad\u00edme s v\u00fdb\u011brem trasy i vybaven\u00ed.","robots":{"index":"index","follow":"follow","max-snippet":"max-snippet:-1","max-image-preview":"max-image-preview:large","max-video-preview":"max-video-preview:-1"},"canonical":"https:\/\/www.vokotur.cz\/en\/kontakt\/","og_locale":"en_GB","og_type":"article","og_title":"Kontakt - P\u016fj\u010dovna lod\u00ed | Severn\u00ed \u010cechy | Vod\u00e1ck\u00e9 z\u00e1\u017eitky","og_description":"M\u00e1te dotaz k p\u016fj\u010den\u00ed lod\u00ed nebo splut\u00ed \u0159eky? Kontaktujte VOKOTOUR. R\u00e1di v\u00e1m porad\u00edme s v\u00fdb\u011brem trasy i vybaven\u00ed.","og_url":"https:\/\/www.vokotur.cz\/en\/kontakt\/","og_site_name":"P\u016fj\u010dovna lod\u00ed | Severn\u00ed \u010cechy | Vod\u00e1ck\u00e9 z\u00e1\u017eitky","article_modified_time":"2026-02-14T09:50:18+00:00","twitter_card":"summary_large_image","twitter_misc":{"Estimated reading time":"1 minute"},"schema":{"@context":"https:\/\/schema.org","@graph":[{"@type":"WebPage","@id":"https:\/\/www.vokotur.cz\/kontakt","url":"https:\/\/www.vokotur.cz\/kontakt","name":"Kontakt - P\u016fj\u010dovna lod\u00ed | Severn\u00ed \u010cechy | Vod\u00e1ck\u00e9 z\u00e1\u017eitky","isPartOf":{"@id":"https:\/\/www.vokotur.cz\/#website"},"datePublished":"2026-02-08T16:21:53+00:00","dateModified":"2026-02-14T09:50:18+00:00","description":"M\u00e1te dotaz k p\u016fj\u010den\u00ed lod\u00ed nebo splut\u00ed \u0159eky? Kontaktujte VOKOTOUR. R\u00e1di v\u00e1m porad\u00edme s v\u00fdb\u011brem trasy i vybaven\u00ed.","breadcrumb":{"@id":"https:\/\/www.vokotur.cz\/kontakt#breadcrumb"},"inLanguage":"en-GB","potentialAction":[{"@type":"ReadAction","target":["https:\/\/www.vokotur.cz\/kontakt"]}]},{"@type":"BreadcrumbList","@id":"https:\/\/www.vokotur.cz\/kontakt#breadcrumb","itemListElement":[{"@type":"ListItem","position":1,"name":"Dom\u016f","item":"https:\/\/www.vokotur.cz\/"},{"@type":"ListItem","position":2,"name":"Kontakt"}]},{"@type":"WebSite","@id":"https:\/\/www.vokotur.cz\/#website","url":"https:\/\/www.vokotur.cz\/","name":"P\u016fj\u010dovna lod\u00ed | Severn\u00ed \u010cechy | Vod\u00e1ck\u00e9 z\u00e1\u017eitky","description":"P\u016fj\u010dovna lod\u00ed a raft\u016f na \u0159ek\u00e1ch Plou\u010dnice a Jizera. Kompletn\u00ed vod\u00e1ck\u00fd servis, doprava lod\u00ed, vybaven\u00ed a nezapomenuteln\u00e9 z\u00e1\u017eitky v severn\u00edch \u010cech\u00e1ch s VOKOTOUR.","potentialAction":[{"@type":"SearchAction","target":{"@type":"EntryPoint","urlTemplate":"https:\/\/www.vokotur.cz\/?s={search_term_string}"},"query-input":{"@type":"PropertyValueSpecification","valueRequired":true,"valueName":"search_term_string"}}],"inLanguage":"en-GB"}]}},"_links":{"self":[{"href":"https:\/\/www.vokotur.cz\/en\/wp-json\/wp\/v2\/pages\/24","targetHints":{"allow":["GET"]}}],"collection":[{"href":"https:\/\/www.vokotur.cz\/en\/wp-json\/wp\/v2\/pages"}],"about":[{"href":"https:\/\/www.vokotur.cz\/en\/wp-json\/wp\/v2\/types\/page"}],"author":[{"embeddable":true,"href":"https:\/\/www.vokotur.cz\/en\/wp-json\/wp\/v2\/users\/1"}],"replies":[{"embeddable":true,"href":"https:\/\/www.vokotur.cz\/en\/wp-json\/wp\/v2\/comments?post=24"}],"version-history":[{"count":33,"href":"https:\/\/www.vokotur.cz\/en\/wp-json\/wp\/v2\/pages\/24\/revisions"}],"predecessor-version":[{"id":261,"href":"https:\/\/www.vokotur.cz\/en\/wp-json\/wp\/v2\/pages\/24\/revisions\/261"}],"wp:attachment":[{"href":"https:\/\/www.vokotur.cz\/en\/wp-json\/wp\/v2\/media?parent=24"}],"curies":[{"name":"wp","href":"https:\/\/api.w.org\/{rel}","templated":true}]}}